{"id":384,"date":"2025-12-23T12:58:30","date_gmt":"2025-12-23T11:58:30","guid":{"rendered":"http:\/\/nowy.oskfenix.com.pl:83\/?page_id=384"},"modified":"2025-12-23T13:17:41","modified_gmt":"2025-12-23T12:17:41","slug":"cennik","status":"publish","type":"page","link":"https:\/\/oskfenix.com.pl\/index.php\/cennik\/","title":{"rendered":"Cennik"},"content":{"rendered":"\t\t<div data-elementor-type=\"wp-page\" data-elementor-id=\"384\" class=\"elementor elementor-384\">\n\t\t\t\t<div class=\"elementor-element elementor-element-267040a1 e-flex e-con-boxed wpr-particle-no wpr-jarallax-no wpr-parallax-no wpr-sticky-section-no e-con e-parent\" data-id=\"267040a1\" data-element_type=\"container\" data-settings=\"{&quot;background_background&quot;:&quot;classic&quot;}\">\n\t\t\t\t\t<div class=\"e-con-inner\">\n\t\t<div class=\"elementor-element elementor-element-4f1d920c e-con-full e-flex wpr-particle-no wpr-jarallax-no wpr-parallax-no wpr-sticky-section-no e-con e-child\" data-id=\"4f1d920c\" data-element_type=\"container\">\n\t\t\t\t\t\t\t\n\t\t<img class=\"e-image-base e-651c8316-b62d6d1\" \n\t\t\t\t\tdata-interaction-id=\"651c8316\" \n\t\t\tdata-interactions=\"&#x5B;&#x5D;\"\n\t\t \n\t\t \n\t\t\t\t\t\t\t\t\tid=\"18\"\n\t\t\t\t\t\t\t\t\t\t\t\tsrc=\"https:\/\/oskfenix.com.pl\/wp-content\/uploads\/2025\/12\/logo.035ada51e56f3352b695.png\"\n\t\t\t\t\t\t\t\t\t\t\t\twidth=\"400\"\n\t\t\t\t\t\t\t\t\t\t\t\theight=\"150\"\n\t\t\t\t\t\t\t\t\t\t\t\tsrcset=\"\"\n\t\t\t\t\t\t\t\t\t\t\t\talt=\"Logo\"\n\t\t\t\t\t\t\/>\n\t\t\t\t\t<\/div>\n\t\t<div class=\"elementor-element elementor-element-86e86bf e-con-full e-flex wpr-particle-no wpr-jarallax-no wpr-parallax-no wpr-sticky-section-no e-con e-child\" data-id=\"86e86bf\" data-element_type=\"container\">\n\t\t\t\t<div class=\"elementor-element elementor-element-139adfa1 elementor-widget elementor-widget-htsliderpro-addons\" data-id=\"139adfa1\" data-element_type=\"widget\" data-widget_type=\"htsliderpro-addons.default\">\n\t\t\t\t<div class=\"elementor-widget-container\">\n\t\t\t\t\t\n        <div class=\"htslider-postslider-area htslider-area-pro htslider-postslider-style-1 htslider-carousel-activation htslider-arrow- \" data-settings=\"{&quot;arrows&quot;:false,&quot;dots&quot;:false,&quot;autoplay&quot;:true,&quot;autoplay_speed&quot;:3000,&quot;animation_speed&quot;:300,&quot;pause_on_hover&quot;:true,&quot;center_mode&quot;:false,&quot;center_padding&quot;:0,&quot;progress_bar&quot;:false,&quot;progress_bar_position&quot;:null,&quot;display_columns&quot;:1,&quot;scroll_columns&quot;:1,&quot;tablet_width&quot;:1024,&quot;tablet_display_columns&quot;:1,&quot;tablet_scroll_columns&quot;:1,&quot;mobile_width&quot;:480,&quot;mobile_display_columns&quot;:1,&quot;mobile_scroll_columns&quot;:1}\" style=\"visibility:hidden;\">\n            \n                           <div class=\"htslider-data-title htslider-single-post-slide htslider-postslider-layout-1\" >\n                    \n<h1 class=\"wp-block-heading has-text-align-center\"><strong>Najbli\u017cszy kurs kat. B<\/strong><\/h1>\n\n\n\n<h3 class=\"wp-block-heading has-text-align-center has-contrast-color has-text-color has-link-color wp-elements-75df8ab10f2094f1c5cdb36b9de0c98a\"><strong>11.05.2026<\/strong> <span style=\"\\&quot;font-size:\"><strong>godz. 17:00<\/strong><\/span><\/h3>\n\n\n\n<h2 class=\"wp-block-heading has-text-align-center has-text-color has-link-color wp-elements-30cd9460043bbf70d103ffd427275dd4\" style=\"color:#ff0000\"><span rgb(226,=\"\" 80,=\"\" style=\"\\&quot;color:\"><strong>Tylko 4000z\u0142!!!<\/strong><\/span><\/h2>\n\n\n\n<h3 class=\"wp-block-heading has-text-align-center\"><strong>GRATIS!!!<\/strong><\/h3>\n\n\n\n<p class=\"has-text-align-center\">Godzina sz instruktorem wpisanym do ewidencji egzaminator\u00f3w<\/p>\n\n\n\n<p><\/p>\n\n\n\n<p><\/p>\n                <\/div>\n                           <div class=\"htslider-data-title htslider-single-post-slide htslider-postslider-layout-1\" >\n                    \n<h1 class=\"wp-block-heading has-text-align-center\"><strong>Kurs kat. C, C+E<\/strong><\/h1>\n\n\n\n<h2 class=\"wp-block-heading has-text-align-center has-text-color has-link-color wp-elements-859045a9b20eee8facfb53a4f94a2d33\" style=\"color:#ff0000\"><span 1em;=\"\" color:=\"\" rgb(226,=\"\" 80,=\"\" style=\"\\&quot;font-size:\"><strong>Nab\u00f3r ci\u0105g\u0142y<\/strong><\/span><\/h2>\n\n\n\n<p class=\"has-text-align-center\"><br><span style=\"\\&quot;font-size:\">Podstawiamy samoch\u00f3d na egzamin w ramach kursu.<br> Pierwsze podstawienie <\/span><\/p>\n\n\n\n<p class=\"has-text-align-center\"><span style=\"\\&quot;font-size:\"><span style=\"color: revert; letter-spacing: -0.1px;\"><strong>GRATIS!!!<\/strong><\/span><\/span><\/p>\n\n\n\n<p><\/p>\n                <\/div>\n                           <div class=\"htslider-data-title htslider-single-post-slide htslider-postslider-layout-1\" >\n                    \n<h1 class=\"wp-block-heading has-text-align-center\"><strong>Kurs kat. AM, A1, A2, A<\/strong><\/h1>\n\n\n\n<h2 class=\"wp-block-heading has-text-align-center has-text-color has-link-color wp-elements-74423635a92b76febf64e61b93ac981c\" style=\"color:#ff0000\"><strong>Nab\u00f3r ci\u0105g\u0142y<\/strong><\/h2>\n\n\n\n<p><\/p>\n                <\/div>\n                           <div class=\"htslider-data-title htslider-single-post-slide htslider-postslider-layout-1\" >\n                    \n<h1 class=\"wp-block-heading has-text-align-center\"><strong>Kurs kat. B+E<\/strong><\/h1>\n\n\n\n<h2 class=\"wp-block-heading has-text-align-center has-text-color has-link-color wp-elements-74423635a92b76febf64e61b93ac981c\" style=\"color:#ff0000\"><strong>Nab\u00f3r ci\u0105g\u0142y<\/strong><\/h2>\n\n\n\n<p><\/p>\n                <\/div>\n                           <div class=\"htslider-data-title htslider-single-post-slide htslider-postslider-layout-1\" >\n                    \n<h1 class=\"wp-block-heading has-text-align-center\"><strong>Kwalifikacja wst\u0119pna i szkolenia okresowe<\/strong><\/h1>\n\n\n\n<h2 class=\"wp-block-heading has-text-align-center has-text-color has-link-color wp-elements-74423635a92b76febf64e61b93ac981c\" style=\"color:#ff0000\"><strong>Nab\u00f3r ci\u0105g\u0142y<\/strong><\/h2>\n\n\n\n<p><\/p>\n                <\/div>\n                                <\/div>\n                        \t\t\t\t<\/div>\n\t\t\t\t<\/div>\n\t\t\t\t<\/div>\n\t\t\t\t\t<\/div>\n\t\t\t\t<\/div>\n\t\t<div class=\"elementor-element elementor-element-1a33ab7e e-flex e-con-boxed wpr-particle-no wpr-jarallax-no wpr-parallax-no wpr-sticky-section-no e-con e-parent\" data-id=\"1a33ab7e\" data-element_type=\"container\" data-settings=\"{&quot;background_background&quot;:&quot;classic&quot;}\">\n\t\t\t\t\t<div class=\"e-con-inner\">\n\t\t\t\t<div class=\"elementor-element elementor-element-70f280 wpr-main-menu-align-left wpr-main-menu-align--tabletleft wpr-main-menu-align--mobileleft wpr-pointer-underline wpr-pointer-line-fx wpr-pointer-fx-fade wpr-sub-icon-caret-down wpr-sub-menu-fx-fade wpr-nav-menu-bp-mobile wpr-mobile-menu-full-width wpr-mobile-menu-item-align-center wpr-mobile-toggle-v1 wpr-sub-divider-yes wpr-mobile-divider-yes elementor-widget elementor-widget-wpr-nav-menu\" data-id=\"70f280\" data-element_type=\"widget\" data-settings=\"{&quot;menu_layout&quot;:&quot;horizontal&quot;}\" data-widget_type=\"wpr-nav-menu.default\">\n\t\t\t\t\t<nav class=\"wpr-nav-menu-container wpr-nav-menu-horizontal\" data-trigger=\"hover\"><ul id=\"menu-1-70f280\" class=\"wpr-nav-menu\"><li class=\"menu-item menu-item-type-post_type menu-item-object-page menu-item-home menu-item-150\"><a href=\"https:\/\/oskfenix.com.pl\/\" class=\"wpr-menu-item wpr-pointer-item\">Strona G\u0142owna<\/a><\/li>\n<li class=\"menu-item menu-item-type-custom menu-item-object-custom menu-item-has-children menu-item-219\"><a aria-haspopup=\"true\" aria-expanded=\"false\" href=\"#\" class=\"wpr-menu-item wpr-pointer-item\">Oferta<i class=\"wpr-sub-icon fas\" aria-hidden=\"true\"><\/i><\/a>\n<ul class=\"sub-menu wpr-sub-menu\">\n\t<li class=\"menu-item menu-item-type-post_type menu-item-object-page menu-item-248\"><a href=\"https:\/\/oskfenix.com.pl\/index.php\/kategoria-am\/\" class=\"wpr-sub-menu-item\">Kategoria AM<\/a><\/li>\n\t<li class=\"menu-item menu-item-type-post_type menu-item-object-page menu-item-324\"><a href=\"https:\/\/oskfenix.com.pl\/index.php\/kategoria-a1\/\" class=\"wpr-sub-menu-item\">Kategoria A1, A2, A<\/a><\/li>\n\t<li class=\"menu-item menu-item-type-post_type menu-item-object-page menu-item-329\"><a href=\"https:\/\/oskfenix.com.pl\/index.php\/kategoria-b\/\" class=\"wpr-sub-menu-item\">Kategoria B<\/a><\/li>\n\t<li class=\"menu-item menu-item-type-post_type menu-item-object-page menu-item-375\"><a href=\"https:\/\/oskfenix.com.pl\/index.php\/kategoria-be\/\" class=\"wpr-sub-menu-item\">Kategoria B+E<\/a><\/li>\n\t<li class=\"menu-item menu-item-type-post_type menu-item-object-page menu-item-374\"><a href=\"https:\/\/oskfenix.com.pl\/index.php\/kategoria-c\/\" class=\"wpr-sub-menu-item\">Kategoria C<\/a><\/li>\n\t<li class=\"menu-item menu-item-type-post_type menu-item-object-page menu-item-373\"><a href=\"https:\/\/oskfenix.com.pl\/index.php\/kategoria-ce\/\" class=\"wpr-sub-menu-item\">Kategoria C+E<\/a><\/li>\n\t<li class=\"menu-item menu-item-type-post_type menu-item-object-page menu-item-372\"><a href=\"https:\/\/oskfenix.com.pl\/index.php\/szkolenie-okresowe\/\" class=\"wpr-sub-menu-item\">Szkolenie okresowe<\/a><\/li>\n\t<li class=\"menu-item menu-item-type-post_type menu-item-object-page menu-item-371\"><a href=\"https:\/\/oskfenix.com.pl\/index.php\/kwalifikacja-wstepna\/\" class=\"wpr-sub-menu-item\">Kwalifikacja wst\u0119pna<\/a><\/li>\n\t<li class=\"menu-item menu-item-type-post_type menu-item-object-page menu-item-370\"><a href=\"https:\/\/oskfenix.com.pl\/index.php\/szkolenie-okresowe-copy-copy\/\" class=\"wpr-sub-menu-item\">Kwalifikacja wst\u0119pna przyspieszona\u200b<\/a><\/li>\n\t<li class=\"menu-item menu-item-type-post_type menu-item-object-page menu-item-368\"><a href=\"https:\/\/oskfenix.com.pl\/index.php\/kwalifikacja-wstepna-uzupelniajaca\/\" class=\"wpr-sub-menu-item\">Kwalifikacja wst\u0119pna uzupe\u0142niaj\u0105ca<\/a><\/li>\n\t<li class=\"menu-item menu-item-type-post_type menu-item-object-page menu-item-369\"><a href=\"https:\/\/oskfenix.com.pl\/index.php\/szkolenie-okresowe-copy-copy-copy\/\" class=\"wpr-sub-menu-item\">Kwalifikacja wst\u0119pna uzupe\u0142niaj\u0105ca przyspieszona<\/a><\/li>\n<\/ul>\n<\/li>\n<li class=\"menu-item menu-item-type-post_type menu-item-object-page menu-item-383\"><a href=\"https:\/\/oskfenix.com.pl\/index.php\/dla-kursanta\/\" class=\"wpr-menu-item wpr-pointer-item\">Dla Kursanta<\/a><\/li>\n<li class=\"menu-item menu-item-type-post_type menu-item-object-page menu-item-393\"><a href=\"https:\/\/oskfenix.com.pl\/index.php\/cennik\/\" class=\"wpr-menu-item wpr-pointer-item\">Cennik<\/a><\/li>\n<li class=\"menu-item menu-item-type-post_type menu-item-object-page menu-item-430\"><a href=\"https:\/\/oskfenix.com.pl\/index.php\/instruktorzy\/\" class=\"wpr-menu-item wpr-pointer-item\">Instruktorzy<\/a><\/li>\n<li class=\"menu-item menu-item-type-post_type menu-item-object-page menu-item-429\"><a href=\"https:\/\/oskfenix.com.pl\/index.php\/kontakt\/\" class=\"wpr-menu-item wpr-pointer-item\">Kontakt<\/a><\/li>\n<li class=\"menu-item menu-item-type-custom menu-item-object-custom menu-item-157\"><a href=\"https:\/\/www.facebook.com\/oskfenix\" class=\"wpr-menu-item wpr-pointer-item\">Facebook<\/a><\/li>\n<\/ul><\/nav><nav class=\"wpr-mobile-nav-menu-container\"><div class=\"wpr-mobile-toggle-wrap\"><div class=\"wpr-mobile-toggle\"><span class=\"wpr-mobile-toggle-line\"><\/span><span class=\"wpr-mobile-toggle-line\"><\/span><span class=\"wpr-mobile-toggle-line\"><\/span><\/div><\/div><ul id=\"mobile-menu-2-70f280\" class=\"wpr-mobile-nav-menu\"><li class=\"menu-item menu-item-type-post_type menu-item-object-page menu-item-home menu-item-150\"><a href=\"https:\/\/oskfenix.com.pl\/\" class=\"wpr-mobile-menu-item\">Strona G\u0142owna<\/a><\/li>\n<li class=\"menu-item menu-item-type-custom menu-item-object-custom menu-item-has-children menu-item-219\"><a href=\"#\" class=\"wpr-mobile-menu-item\">Oferta<\/a>\n<ul class=\"sub-menu wpr-sub-menu\">\n\t<li class=\"menu-item menu-item-type-post_type menu-item-object-page menu-item-248\"><a href=\"https:\/\/oskfenix.com.pl\/index.php\/kategoria-am\/\" class=\"wpr-mobile-sub-menu-item\">Kategoria AM<\/a><\/li>\n\t<li class=\"menu-item menu-item-type-post_type menu-item-object-page menu-item-324\"><a href=\"https:\/\/oskfenix.com.pl\/index.php\/kategoria-a1\/\" class=\"wpr-mobile-sub-menu-item\">Kategoria A1, A2, A<\/a><\/li>\n\t<li class=\"menu-item menu-item-type-post_type menu-item-object-page menu-item-329\"><a href=\"https:\/\/oskfenix.com.pl\/index.php\/kategoria-b\/\" class=\"wpr-mobile-sub-menu-item\">Kategoria B<\/a><\/li>\n\t<li class=\"menu-item menu-item-type-post_type menu-item-object-page menu-item-375\"><a href=\"https:\/\/oskfenix.com.pl\/index.php\/kategoria-be\/\" class=\"wpr-mobile-sub-menu-item\">Kategoria B+E<\/a><\/li>\n\t<li class=\"menu-item menu-item-type-post_type menu-item-object-page menu-item-374\"><a href=\"https:\/\/oskfenix.com.pl\/index.php\/kategoria-c\/\" class=\"wpr-mobile-sub-menu-item\">Kategoria C<\/a><\/li>\n\t<li class=\"menu-item menu-item-type-post_type menu-item-object-page menu-item-373\"><a href=\"https:\/\/oskfenix.com.pl\/index.php\/kategoria-ce\/\" class=\"wpr-mobile-sub-menu-item\">Kategoria C+E<\/a><\/li>\n\t<li class=\"menu-item menu-item-type-post_type menu-item-object-page menu-item-372\"><a href=\"https:\/\/oskfenix.com.pl\/index.php\/szkolenie-okresowe\/\" class=\"wpr-mobile-sub-menu-item\">Szkolenie okresowe<\/a><\/li>\n\t<li class=\"menu-item menu-item-type-post_type menu-item-object-page menu-item-371\"><a href=\"https:\/\/oskfenix.com.pl\/index.php\/kwalifikacja-wstepna\/\" class=\"wpr-mobile-sub-menu-item\">Kwalifikacja wst\u0119pna<\/a><\/li>\n\t<li class=\"menu-item menu-item-type-post_type menu-item-object-page menu-item-370\"><a href=\"https:\/\/oskfenix.com.pl\/index.php\/szkolenie-okresowe-copy-copy\/\" class=\"wpr-mobile-sub-menu-item\">Kwalifikacja wst\u0119pna przyspieszona\u200b<\/a><\/li>\n\t<li class=\"menu-item menu-item-type-post_type menu-item-object-page menu-item-368\"><a href=\"https:\/\/oskfenix.com.pl\/index.php\/kwalifikacja-wstepna-uzupelniajaca\/\" class=\"wpr-mobile-sub-menu-item\">Kwalifikacja wst\u0119pna uzupe\u0142niaj\u0105ca<\/a><\/li>\n\t<li class=\"menu-item menu-item-type-post_type menu-item-object-page menu-item-369\"><a href=\"https:\/\/oskfenix.com.pl\/index.php\/szkolenie-okresowe-copy-copy-copy\/\" class=\"wpr-mobile-sub-menu-item\">Kwalifikacja wst\u0119pna uzupe\u0142niaj\u0105ca przyspieszona<\/a><\/li>\n<\/ul>\n<\/li>\n<li class=\"menu-item menu-item-type-post_type menu-item-object-page menu-item-383\"><a href=\"https:\/\/oskfenix.com.pl\/index.php\/dla-kursanta\/\" class=\"wpr-mobile-menu-item\">Dla Kursanta<\/a><\/li>\n<li class=\"menu-item menu-item-type-post_type menu-item-object-page menu-item-393\"><a href=\"https:\/\/oskfenix.com.pl\/index.php\/cennik\/\" class=\"wpr-mobile-menu-item\">Cennik<\/a><\/li>\n<li class=\"menu-item menu-item-type-post_type menu-item-object-page menu-item-430\"><a href=\"https:\/\/oskfenix.com.pl\/index.php\/instruktorzy\/\" class=\"wpr-mobile-menu-item\">Instruktorzy<\/a><\/li>\n<li class=\"menu-item menu-item-type-post_type menu-item-object-page menu-item-429\"><a href=\"https:\/\/oskfenix.com.pl\/index.php\/kontakt\/\" class=\"wpr-mobile-menu-item\">Kontakt<\/a><\/li>\n<li class=\"menu-item menu-item-type-custom menu-item-object-custom menu-item-157\"><a href=\"https:\/\/www.facebook.com\/oskfenix\" class=\"wpr-mobile-menu-item\">Facebook<\/a><\/li>\n<\/ul><\/nav>\t\t\t\t<\/div>\n\t\t\t\t\t<\/div>\n\t\t\t\t<\/div>\n\t\t<div class=\"elementor-element elementor-element-0d21193 e-flex e-con-boxed wpr-particle-no wpr-jarallax-no wpr-parallax-no wpr-sticky-section-no e-con e-parent\" data-id=\"0d21193\" data-element_type=\"container\">\n\t\t\t\t\t<div class=\"e-con-inner\">\n\t\t\t\t<div class=\"elementor-element elementor-element-40c75d6 elementor-widget elementor-widget-heading\" data-id=\"40c75d6\" data-element_type=\"widget\" data-widget_type=\"heading.default\">\n\t\t\t\t\t<h1 class=\"elementor-heading-title elementor-size-default\">CENNIK<\/h1>\t\t\t\t<\/div>\n\t\t\t\t<div class=\"elementor-element elementor-element-3483b2f elementor-widget elementor-widget-text-editor\" data-id=\"3483b2f\" data-element_type=\"widget\" data-widget_type=\"text-editor.default\">\n\t\t\t\t\t\t\t\t\t<table class=\"table table-striped\"><thead class=\"thead-dark\"><tr><th scope=\"col\"><h3>Kurs<\/h3><\/th><th scope=\"col\"><h3>Godziny Teorii<\/h3><\/th><th scope=\"col\"><h3>Godziny Praktyki<\/h3><\/th><th scope=\"col\"><h3>Cena<\/h3><\/th><\/tr><\/thead><tbody><tr><td>Kat. AM<\/td><td>10 godz.<\/td><td>10 godz.<\/td><td><div class=\"redPrice\">1700 z\u0142<\/div><\/td><\/tr><tr><td>Kat. A1<\/td><td>30 godz.<\/td><td>20 godz.<\/td><td><div class=\"redPrice\">3600 z\u0142<\/div><\/td><\/tr><tr><td>Kat. A2 posiadane A1<\/td><td>&#8211;<\/td><td>10 godz.<\/td><td><div class=\"redPrice\">1900 z\u0142<\/div><\/td><\/tr><tr><td>Kat. A2<\/td><td>30 godz.<\/td><td>20 godz.<\/td><td><div class=\"redPrice\">3700 z\u0142<\/div><\/td><\/tr><tr><td>Kat. A posiadane A1<\/td><td>&#8211;<\/td><td>20 godz.<\/td><td><div class=\"redPrice\">3700 z\u0142<\/div><\/td><\/tr><tr><td>Kat. A posiadane A2<\/td><td>&#8211;<\/td><td>10 godz.<\/td><td><div class=\"redPrice\">1900 z\u0142<\/div><\/td><\/tr><tr><td>Kat. A<\/td><td>30 godz.<\/td><td>20 godz.<\/td><td><div class=\"redPrice\">3700 z\u0142<\/div><\/td><\/tr><tr><td>Kat. B<\/td><td>30 godz.<\/td><td>30 godz.<\/td><td><div class=\"redPrice\">4000 z\u0142<\/div><\/td><\/tr><tr><td>Kat. B posiadane B1<\/td><td>&#8211;<\/td><td>20 godz.<\/td><td><div class=\"redPrice\">1700 z\u0142<\/div><\/td><\/tr><tr><td>Kat. B+E<\/td><td>&#8211;<\/td><td>15 godz.<\/td><td><div class=\"redPrice\">2300 z\u0142<\/div><\/td><\/tr><tr><td>Kat. C<\/td><td>20 godz.<\/td><td>30 godz.<\/td><td><div class=\"redPrice\">5400 z\u0142<\/div><\/td><\/tr><tr><td>Kat. C+E (Ci\u0105gnik siod\u0142owy)<\/td><td>&#8211;<\/td><td>25 godz.<\/td><td><div class=\"redPrice\">5900 z\u0142<\/div><\/td><\/tr><tr><td><h3>Inne<\/h3><\/td><\/tr><tr><td>Kwalifikacja wst\u0119pna<\/td><td>280 godz.<\/td><td>&#8211;<\/td><td><div class=\"redPrice\">5600 z\u0142<\/div><\/td><\/tr><tr><td>Kwalifikacja wst\u0119pna przyspieszona<\/td><td>140 godz.<\/td><td>&#8211;<\/td><td><div class=\"redPrice\">3500 z\u0142<\/div><\/td><\/tr><tr><td>Kwalifikacja uzupe\u0142niaj\u0105ca<\/td><td>70 godz.<\/td><td>&#8211;<\/td><td><div class=\"redPrice\">1900 z\u0142<\/div><\/td><\/tr><tr><td>Kwalifikacja uzupe\u0142niaj\u0105ca przyspieszona<\/td><td>35 godz.<\/td><td>&#8211;<\/td><td><div class=\"redPrice\">1100 z\u0142<\/div><\/td><\/tr><tr><td>Szkolenia okresowe<\/td><td>35 godz.<\/td><td>&#8211;<\/td><td><div class=\"redPrice\">750 z\u0142<\/div><\/td><\/tr><\/tbody><\/table>\t\t\t\t\t\t\t\t<\/div>\n\t\t\t\t<div class=\"elementor-element elementor-element-ca0029e elementor-widget elementor-widget-text-editor\" data-id=\"ca0029e\" data-element_type=\"widget\" data-widget_type=\"text-editor.default\">\n\t\t\t\t\t\t\t\t\t<table class=\"table table-striped table-responsive\"><thead class=\"thead-dark\"><tr><th scope=\"col\"><h4>Szkolenie dodatkowe<\/h4><\/th><th scope=\"col\"><h4>Nasz kursant (1 godz.)<\/h4><\/th><th scope=\"col\"><h4>Kursant spoza o\u015brodka (1 godz.)<\/h4><\/th><\/tr><\/thead><tbody><tr><td>Kat. AM<\/td><td><div class=\"redPrice\">190 z\u0142<\/div><\/td><td><div class=\"redPrice\">190 z\u0142<\/div><\/td><\/tr><tr><td>Kat. A1<\/td><td><div class=\"redPrice\"><span style=\"font-family: inherit; font-size: inherit;\">200 z\u0142<\/span><\/div><\/td><td><div class=\"redPrice\">200 z\u0142<\/div><\/td><\/tr><tr><td>Kat. A2<\/td><td><div class=\"redPrice\"><span style=\"font-family: inherit; font-size: inherit;\">200 z\u0142<\/span><\/div><\/td><td><div class=\"redPrice\">200 z\u0142<\/div><\/td><\/tr><tr><td>Kat. A<\/td><td><div class=\"redPrice\"><div class=\"redPrice\">200 z\u0142<\/div><\/div><\/td><td><div class=\"redPrice\">200 z\u0142<\/div><\/td><\/tr><tr><td>Kat. B<\/td><td><div class=\"redPrice\">140 z\u0142<\/div><\/td><td><div class=\"redPrice\">140 z\u0142<\/div><\/td><\/tr><tr><td>Kat. B+E<\/td><td><div class=\"redPrice\">160 z\u0142<\/div><\/td><td><div class=\"redPrice\">160 z\u0142<\/div><\/td><\/tr><tr><td>Kat. C<\/td><td><div class=\"redPrice\">200 z\u0142<\/div><\/td><td><div class=\"redPrice\">200 z\u0142<\/div><\/td><\/tr><tr><td>Kat. C+E<\/td><td><div class=\"redPrice\">250 z\u0142<\/div><\/td><td><div class=\"redPrice\">250 z\u0142<\/div><\/td><\/tr><\/tbody><\/table>\t\t\t\t\t\t\t\t<\/div>\n\t\t\t\t\t<\/div>\n\t\t\t\t<\/div>\n\t\t<div class=\"elementor-element elementor-element-341b9ae3 e-flex e-con-boxed wpr-particle-no wpr-jarallax-no wpr-parallax-no wpr-sticky-section-no e-con e-parent\" data-id=\"341b9ae3\" data-element_type=\"container\" data-settings=\"{&quot;background_background&quot;:&quot;classic&quot;}\">\n\t\t\t\t\t<div class=\"e-con-inner\">\n\t\t\t\t<div class=\"elementor-element elementor-element-79d9a24d elementor-widget elementor-widget-text-editor\" data-id=\"79d9a24d\" data-element_type=\"widget\" data-widget_type=\"text-editor.default\">\n\t\t\t\t\t\t\t\t\t<p>\u00a9 2026 <a href=\"http:\/\/techlab24.pl\/\">Techlab24<\/a>\u00a0dla OSK Fenix<\/p>\t\t\t\t\t\t\t\t<\/div>\n\t\t\t\t\t<\/div>\n\t\t\t\t<\/div>\n\t\t\t\t<\/div>\n\t\t","protected":false},"excerpt":{"rendered":"<p>Najbli\u017cszy kurs kat. B 19.01.2026 godz. 17:00 Tylko 3400z\u0142!!! GRATIS!!! Godzina sz instruktorem wpisanym do ewidencji egzaminator\u00f3w Kurs kat. C, C+E Nab\u00f3r ci\u0105g\u0142y Podstawiamy samoch\u00f3d na egzamin w ramach kursu. Pierwsze podstawienie GRATIS!!! Kurs kat. AM, A1, A2, A Nab\u00f3r ci\u0105g\u0142y Kurs kat. B+E Nab\u00f3r ci\u0105g\u0142y Kwalifikacja wst\u0119pna i szkolenia okresowe Nab\u00f3r ci\u0105g\u0142y Strona G\u0142owna Oferta Kategoria AM Kategoria A1, A2, A Kategoria B Kategoria B+E Kategoria C Kategoria C+E Szkolenie okresowe Kwalifikacja wst\u0119pna Kwalifikacja wst\u0119pna przyspieszona\u200b Kwalifikacja wst\u0119pna uzupe\u0142niaj\u0105ca Kwalifikacja wst\u0119pna uzupe\u0142niaj\u0105ca przyspieszona Dla Kursanta Cennik Facebook Strona G\u0142owna Oferta Kategoria AM Kategoria A1, A2, A Kategoria B Kategoria B+E Kategoria C Kategoria C+E Szkolenie okresowe Kwalifikacja wst\u0119pna Kwalifikacja wst\u0119pna przyspieszona\u200b Kwalifikacja wst\u0119pna uzupe\u0142niaj\u0105ca Kwalifikacja wst\u0119pna uzupe\u0142niaj\u0105ca przyspieszona Dla Kursanta Cennik Facebook CENNIK Kurs Godziny Teorii Godziny Praktyki Cena Kat. AM 10 godz. 10 godz. z\u0142 Kat. A1 30 godz. 20 godz. z\u0142 Kat. A2 posiadane A1 &#8211; 10 godz. z\u0142 Kat. A2 30 godz. 20 godz. z\u0142 Kat. A posiadane A1 &#8211; 20 godz. z\u0142 Kat. A posiadane A2 &#8211; 10 godz. z\u0142 Kat. A 30 godz. 20 godz. z\u0142 Kat. B 30 godz. 30 godz. z\u0142 Kat. B posiadane B1 &#8211; 20 godz. z\u0142 Kat. B+E &#8211; 15 godz. z\u0142 Kat. C 20 godz. 30 godz. z\u0142 Kat. C+E (Ci\u0105gnik siod\u0142owy) &#8211; 25 godz. z\u0142 Inne Kwalifikacja wst\u0119pna 280 godz. &#8211; z\u0142 Kwalifikacja wst\u0119pna przyspieszona 140 godz. &#8211; z\u0142 Kwalifikacja uzupe\u0142niaj\u0105ca 70 godz. &#8211; z\u0142 Kwalifikacja uzupe\u0142niaj\u0105ca przyspieszona 35 godz. &#8211; z\u0142 Szkolenia okresowe 35 godz. &#8211; z\u0142 Szkolenie dodatkowe Nasz kursant (1 godz.) Kursant spoza o\u015brodka (1 godz.) Kat. AM z\u0142 z\u0142 Kat. A1 z\u0142 z\u0142 Kat. A2 z\u0142 z\u0142 Kat. A z\u0142 z\u0142 Kat. B z\u0142 z\u0142 Kat. B+E z\u0142 z\u0142 Kat. C z\u0142 z\u0142 Kat. C+E z\u0142 z\u0142 \u00a9 2026 Techlab24\u00a0dla OSK Fenix<\/p>\n","protected":false},"author":1,"featured_media":0,"parent":0,"menu_order":0,"comment_status":"closed","ping_status":"closed","template":"elementor_canvas","meta":{"footnotes":""},"class_list":["post-384","page","type-page","status-publish","hentry"],"_links":{"self":[{"href":"https:\/\/oskfenix.com.pl\/index.php\/wp-json\/wp\/v2\/pages\/384","targetHints":{"allow":["GET"]}}],"collection":[{"href":"https:\/\/oskfenix.com.pl\/index.php\/wp-json\/wp\/v2\/pages"}],"about":[{"href":"https:\/\/oskfenix.com.pl\/index.php\/wp-json\/wp\/v2\/types\/page"}],"author":[{"embeddable":true,"href":"https:\/\/oskfenix.com.pl\/index.php\/wp-json\/wp\/v2\/users\/1"}],"replies":[{"embeddable":true,"href":"https:\/\/oskfenix.com.pl\/index.php\/wp-json\/wp\/v2\/comments?post=384"}],"version-history":[{"count":31,"href":"https:\/\/oskfenix.com.pl\/index.php\/wp-json\/wp\/v2\/pages\/384\/revisions"}],"predecessor-version":[{"id":418,"href":"https:\/\/oskfenix.com.pl\/index.php\/wp-json\/wp\/v2\/pages\/384\/revisions\/418"}],"wp:attachment":[{"href":"https:\/\/oskfenix.com.pl\/index.php\/wp-json\/wp\/v2\/media?parent=384"}],"curies":[{"name":"wp","href":"https:\/\/api.w.org\/{rel}","templated":true}]}}