{"id":349,"date":"2025-12-23T12:20:47","date_gmt":"2025-12-23T11:20:47","guid":{"rendered":"http:\/\/nowy.oskfenix.com.pl:83\/?page_id=349"},"modified":"2025-12-23T12:23:28","modified_gmt":"2025-12-23T11:23:28","slug":"kwalifikacja-wstepna-uzupelniajaca","status":"publish","type":"page","link":"https:\/\/oskfenix.com.pl\/index.php\/kwalifikacja-wstepna-uzupelniajaca\/","title":{"rendered":"Kwalifikacja wst\u0119pna uzupe\u0142niaj\u0105ca"},"content":{"rendered":"\t\t<div data-elementor-type=\"wp-page\" data-elementor-id=\"349\" class=\"elementor elementor-349\">\n\t\t\t\t<div class=\"elementor-element elementor-element-5e094925 e-flex e-con-boxed wpr-particle-no wpr-jarallax-no wpr-parallax-no wpr-sticky-section-no e-con e-parent\" data-id=\"5e094925\" data-element_type=\"container\" data-settings=\"{&quot;background_background&quot;:&quot;classic&quot;}\">\n\t\t\t\t\t<div class=\"e-con-inner\">\n\t\t<div class=\"elementor-element elementor-element-6362ecf7 e-con-full e-flex wpr-particle-no wpr-jarallax-no wpr-parallax-no wpr-sticky-section-no e-con e-child\" data-id=\"6362ecf7\" data-element_type=\"container\">\n\t\t\t\t\t\t\t\n\t\t<img class=\"e-image-base e-97e5b6b-3bde738\" \n\t\t\t\t\tdata-interaction-id=\"97e5b6b\" \n\t\t\tdata-interactions=\"&#x5B;&#x5D;\"\n\t\t \n\t\t \n\t\t\t\t\t\t\t\t\tid=\"18\"\n\t\t\t\t\t\t\t\t\t\t\t\tsrc=\"https:\/\/oskfenix.com.pl\/wp-content\/uploads\/2025\/12\/logo.035ada51e56f3352b695.png\"\n\t\t\t\t\t\t\t\t\t\t\t\twidth=\"400\"\n\t\t\t\t\t\t\t\t\t\t\t\theight=\"150\"\n\t\t\t\t\t\t\t\t\t\t\t\tsrcset=\"\"\n\t\t\t\t\t\t\t\t\t\t\t\talt=\"Logo\"\n\t\t\t\t\t\t\/>\n\t\t\t\t\t<\/div>\n\t\t<div class=\"elementor-element elementor-element-32cc2c42 e-con-full e-flex wpr-particle-no wpr-jarallax-no wpr-parallax-no wpr-sticky-section-no e-con e-child\" data-id=\"32cc2c42\" data-element_type=\"container\">\n\t\t\t\t<div class=\"elementor-element elementor-element-5e5805b9 elementor-widget elementor-widget-htsliderpro-addons\" data-id=\"5e5805b9\" data-element_type=\"widget\" data-widget_type=\"htsliderpro-addons.default\">\n\t\t\t\t<div class=\"elementor-widget-container\">\n\t\t\t\t\t\n        <div class=\"htslider-postslider-area htslider-area-pro htslider-postslider-style-1 htslider-carousel-activation htslider-arrow- \" data-settings=\"{&quot;arrows&quot;:false,&quot;dots&quot;:false,&quot;autoplay&quot;:true,&quot;autoplay_speed&quot;:3000,&quot;animation_speed&quot;:300,&quot;pause_on_hover&quot;:true,&quot;center_mode&quot;:false,&quot;center_padding&quot;:0,&quot;progress_bar&quot;:false,&quot;progress_bar_position&quot;:null,&quot;display_columns&quot;:1,&quot;scroll_columns&quot;:1,&quot;tablet_width&quot;:1024,&quot;tablet_display_columns&quot;:1,&quot;tablet_scroll_columns&quot;:1,&quot;mobile_width&quot;:480,&quot;mobile_display_columns&quot;:1,&quot;mobile_scroll_columns&quot;:1}\" style=\"visibility:hidden;\">\n            \n                           <div class=\"htslider-data-title htslider-single-post-slide htslider-postslider-layout-1\" >\n                    \n<h1 class=\"wp-block-heading has-text-align-center\"><strong>Najbli\u017cszy kurs kat. B<\/strong><\/h1>\n\n\n\n<h3 class=\"wp-block-heading has-text-align-center has-contrast-color has-text-color has-link-color wp-elements-75df8ab10f2094f1c5cdb36b9de0c98a\"><strong>11.05.2026<\/strong> <span style=\"\\&quot;font-size:\"><strong>godz. 17:00<\/strong><\/span><\/h3>\n\n\n\n<h2 class=\"wp-block-heading has-text-align-center has-text-color has-link-color wp-elements-30cd9460043bbf70d103ffd427275dd4\" style=\"color:#ff0000\"><span rgb(226,=\"\" 80,=\"\" style=\"\\&quot;color:\"><strong>Tylko 4000z\u0142!!!<\/strong><\/span><\/h2>\n\n\n\n<h3 class=\"wp-block-heading has-text-align-center\"><strong>GRATIS!!!<\/strong><\/h3>\n\n\n\n<p class=\"has-text-align-center\">Godzina sz instruktorem wpisanym do ewidencji egzaminator\u00f3w<\/p>\n\n\n\n<p><\/p>\n\n\n\n<p><\/p>\n                <\/div>\n                           <div class=\"htslider-data-title htslider-single-post-slide htslider-postslider-layout-1\" >\n                    \n<h1 class=\"wp-block-heading has-text-align-center\"><strong>Kurs kat. C, C+E<\/strong><\/h1>\n\n\n\n<h2 class=\"wp-block-heading has-text-align-center has-text-color has-link-color wp-elements-859045a9b20eee8facfb53a4f94a2d33\" style=\"color:#ff0000\"><span 1em;=\"\" color:=\"\" rgb(226,=\"\" 80,=\"\" style=\"\\&quot;font-size:\"><strong>Nab\u00f3r ci\u0105g\u0142y<\/strong><\/span><\/h2>\n\n\n\n<p class=\"has-text-align-center\"><br><span style=\"\\&quot;font-size:\">Podstawiamy samoch\u00f3d na egzamin w ramach kursu.<br> Pierwsze podstawienie <\/span><\/p>\n\n\n\n<p class=\"has-text-align-center\"><span style=\"\\&quot;font-size:\"><span style=\"color: revert; letter-spacing: -0.1px;\"><strong>GRATIS!!!<\/strong><\/span><\/span><\/p>\n\n\n\n<p><\/p>\n                <\/div>\n                           <div class=\"htslider-data-title htslider-single-post-slide htslider-postslider-layout-1\" >\n                    \n<h1 class=\"wp-block-heading has-text-align-center\"><strong>Kurs kat. AM, A1, A2, A<\/strong><\/h1>\n\n\n\n<h2 class=\"wp-block-heading has-text-align-center has-text-color has-link-color wp-elements-74423635a92b76febf64e61b93ac981c\" style=\"color:#ff0000\"><strong>Nab\u00f3r ci\u0105g\u0142y<\/strong><\/h2>\n\n\n\n<p><\/p>\n                <\/div>\n                           <div class=\"htslider-data-title htslider-single-post-slide htslider-postslider-layout-1\" >\n                    \n<h1 class=\"wp-block-heading has-text-align-center\"><strong>Kurs kat. B+E<\/strong><\/h1>\n\n\n\n<h2 class=\"wp-block-heading has-text-align-center has-text-color has-link-color wp-elements-74423635a92b76febf64e61b93ac981c\" style=\"color:#ff0000\"><strong>Nab\u00f3r ci\u0105g\u0142y<\/strong><\/h2>\n\n\n\n<p><\/p>\n                <\/div>\n                           <div class=\"htslider-data-title htslider-single-post-slide htslider-postslider-layout-1\" >\n                    \n<h1 class=\"wp-block-heading has-text-align-center\"><strong>Kwalifikacja wst\u0119pna i szkolenia okresowe<\/strong><\/h1>\n\n\n\n<h2 class=\"wp-block-heading has-text-align-center has-text-color has-link-color wp-elements-74423635a92b76febf64e61b93ac981c\" style=\"color:#ff0000\"><strong>Nab\u00f3r ci\u0105g\u0142y<\/strong><\/h2>\n\n\n\n<p><\/p>\n                <\/div>\n                                <\/div>\n                        \t\t\t\t<\/div>\n\t\t\t\t<\/div>\n\t\t\t\t<\/div>\n\t\t\t\t\t<\/div>\n\t\t\t\t<\/div>\n\t\t<div class=\"elementor-element elementor-element-5ea62825 e-flex e-con-boxed wpr-particle-no wpr-jarallax-no wpr-parallax-no wpr-sticky-section-no e-con e-parent\" data-id=\"5ea62825\" data-element_type=\"container\" data-settings=\"{&quot;background_background&quot;:&quot;classic&quot;}\">\n\t\t\t\t\t<div class=\"e-con-inner\">\n\t\t\t\t<div class=\"elementor-element elementor-element-2958984 wpr-main-menu-align-left wpr-main-menu-align--tabletleft wpr-main-menu-align--mobileleft wpr-pointer-underline wpr-pointer-line-fx wpr-pointer-fx-fade wpr-sub-icon-caret-down wpr-sub-menu-fx-fade wpr-nav-menu-bp-mobile wpr-mobile-menu-full-width wpr-mobile-menu-item-align-center wpr-mobile-toggle-v1 wpr-sub-divider-yes wpr-mobile-divider-yes elementor-widget elementor-widget-wpr-nav-menu\" data-id=\"2958984\" data-element_type=\"widget\" data-settings=\"{&quot;menu_layout&quot;:&quot;horizontal&quot;}\" data-widget_type=\"wpr-nav-menu.default\">\n\t\t\t\t\t<nav class=\"wpr-nav-menu-container wpr-nav-menu-horizontal\" data-trigger=\"hover\"><ul id=\"menu-1-2958984\" class=\"wpr-nav-menu\"><li class=\"menu-item menu-item-type-post_type menu-item-object-page menu-item-home menu-item-150\"><a href=\"https:\/\/oskfenix.com.pl\/\" class=\"wpr-menu-item wpr-pointer-item\">Strona G\u0142owna<\/a><\/li>\n<li class=\"menu-item menu-item-type-custom menu-item-object-custom menu-item-has-children menu-item-219\"><a aria-haspopup=\"true\" aria-expanded=\"false\" href=\"#\" class=\"wpr-menu-item wpr-pointer-item\">Oferta<i class=\"wpr-sub-icon fas\" aria-hidden=\"true\"><\/i><\/a>\n<ul class=\"sub-menu wpr-sub-menu\">\n\t<li class=\"menu-item menu-item-type-post_type menu-item-object-page menu-item-248\"><a href=\"https:\/\/oskfenix.com.pl\/index.php\/kategoria-am\/\" class=\"wpr-sub-menu-item\">Kategoria AM<\/a><\/li>\n\t<li class=\"menu-item menu-item-type-post_type menu-item-object-page menu-item-324\"><a href=\"https:\/\/oskfenix.com.pl\/index.php\/kategoria-a1\/\" class=\"wpr-sub-menu-item\">Kategoria A1, A2, A<\/a><\/li>\n\t<li class=\"menu-item menu-item-type-post_type menu-item-object-page menu-item-329\"><a href=\"https:\/\/oskfenix.com.pl\/index.php\/kategoria-b\/\" class=\"wpr-sub-menu-item\">Kategoria B<\/a><\/li>\n\t<li class=\"menu-item menu-item-type-post_type menu-item-object-page menu-item-375\"><a href=\"https:\/\/oskfenix.com.pl\/index.php\/kategoria-be\/\" class=\"wpr-sub-menu-item\">Kategoria B+E<\/a><\/li>\n\t<li class=\"menu-item menu-item-type-post_type menu-item-object-page menu-item-374\"><a href=\"https:\/\/oskfenix.com.pl\/index.php\/kategoria-c\/\" class=\"wpr-sub-menu-item\">Kategoria C<\/a><\/li>\n\t<li class=\"menu-item menu-item-type-post_type menu-item-object-page menu-item-373\"><a href=\"https:\/\/oskfenix.com.pl\/index.php\/kategoria-ce\/\" class=\"wpr-sub-menu-item\">Kategoria C+E<\/a><\/li>\n\t<li class=\"menu-item menu-item-type-post_type menu-item-object-page menu-item-372\"><a href=\"https:\/\/oskfenix.com.pl\/index.php\/szkolenie-okresowe\/\" class=\"wpr-sub-menu-item\">Szkolenie okresowe<\/a><\/li>\n\t<li class=\"menu-item menu-item-type-post_type menu-item-object-page menu-item-371\"><a href=\"https:\/\/oskfenix.com.pl\/index.php\/kwalifikacja-wstepna\/\" class=\"wpr-sub-menu-item\">Kwalifikacja wst\u0119pna<\/a><\/li>\n\t<li class=\"menu-item menu-item-type-post_type menu-item-object-page menu-item-370\"><a href=\"https:\/\/oskfenix.com.pl\/index.php\/szkolenie-okresowe-copy-copy\/\" class=\"wpr-sub-menu-item\">Kwalifikacja wst\u0119pna przyspieszona\u200b<\/a><\/li>\n\t<li class=\"menu-item menu-item-type-post_type menu-item-object-page menu-item-368\"><a href=\"https:\/\/oskfenix.com.pl\/index.php\/kwalifikacja-wstepna-uzupelniajaca\/\" class=\"wpr-sub-menu-item\">Kwalifikacja wst\u0119pna uzupe\u0142niaj\u0105ca<\/a><\/li>\n\t<li class=\"menu-item menu-item-type-post_type menu-item-object-page menu-item-369\"><a href=\"https:\/\/oskfenix.com.pl\/index.php\/szkolenie-okresowe-copy-copy-copy\/\" class=\"wpr-sub-menu-item\">Kwalifikacja wst\u0119pna uzupe\u0142niaj\u0105ca przyspieszona<\/a><\/li>\n<\/ul>\n<\/li>\n<li class=\"menu-item menu-item-type-post_type menu-item-object-page menu-item-383\"><a href=\"https:\/\/oskfenix.com.pl\/index.php\/dla-kursanta\/\" class=\"wpr-menu-item wpr-pointer-item\">Dla Kursanta<\/a><\/li>\n<li class=\"menu-item menu-item-type-post_type menu-item-object-page menu-item-393\"><a href=\"https:\/\/oskfenix.com.pl\/index.php\/cennik\/\" class=\"wpr-menu-item wpr-pointer-item\">Cennik<\/a><\/li>\n<li class=\"menu-item menu-item-type-post_type menu-item-object-page menu-item-430\"><a href=\"https:\/\/oskfenix.com.pl\/index.php\/instruktorzy\/\" class=\"wpr-menu-item wpr-pointer-item\">Instruktorzy<\/a><\/li>\n<li class=\"menu-item menu-item-type-post_type menu-item-object-page menu-item-429\"><a href=\"https:\/\/oskfenix.com.pl\/index.php\/kontakt\/\" class=\"wpr-menu-item wpr-pointer-item\">Kontakt<\/a><\/li>\n<li class=\"menu-item menu-item-type-custom menu-item-object-custom menu-item-157\"><a href=\"https:\/\/www.facebook.com\/oskfenix\" class=\"wpr-menu-item wpr-pointer-item\">Facebook<\/a><\/li>\n<\/ul><\/nav><nav class=\"wpr-mobile-nav-menu-container\"><div class=\"wpr-mobile-toggle-wrap\"><div class=\"wpr-mobile-toggle\"><span class=\"wpr-mobile-toggle-line\"><\/span><span class=\"wpr-mobile-toggle-line\"><\/span><span class=\"wpr-mobile-toggle-line\"><\/span><\/div><\/div><ul id=\"mobile-menu-2-2958984\" class=\"wpr-mobile-nav-menu\"><li class=\"menu-item menu-item-type-post_type menu-item-object-page menu-item-home menu-item-150\"><a href=\"https:\/\/oskfenix.com.pl\/\" class=\"wpr-mobile-menu-item\">Strona G\u0142owna<\/a><\/li>\n<li class=\"menu-item menu-item-type-custom menu-item-object-custom menu-item-has-children menu-item-219\"><a href=\"#\" class=\"wpr-mobile-menu-item\">Oferta<\/a>\n<ul class=\"sub-menu wpr-sub-menu\">\n\t<li class=\"menu-item menu-item-type-post_type menu-item-object-page menu-item-248\"><a href=\"https:\/\/oskfenix.com.pl\/index.php\/kategoria-am\/\" class=\"wpr-mobile-sub-menu-item\">Kategoria AM<\/a><\/li>\n\t<li class=\"menu-item menu-item-type-post_type menu-item-object-page menu-item-324\"><a href=\"https:\/\/oskfenix.com.pl\/index.php\/kategoria-a1\/\" class=\"wpr-mobile-sub-menu-item\">Kategoria A1, A2, A<\/a><\/li>\n\t<li class=\"menu-item menu-item-type-post_type menu-item-object-page menu-item-329\"><a href=\"https:\/\/oskfenix.com.pl\/index.php\/kategoria-b\/\" class=\"wpr-mobile-sub-menu-item\">Kategoria B<\/a><\/li>\n\t<li class=\"menu-item menu-item-type-post_type menu-item-object-page menu-item-375\"><a href=\"https:\/\/oskfenix.com.pl\/index.php\/kategoria-be\/\" class=\"wpr-mobile-sub-menu-item\">Kategoria B+E<\/a><\/li>\n\t<li class=\"menu-item menu-item-type-post_type menu-item-object-page menu-item-374\"><a href=\"https:\/\/oskfenix.com.pl\/index.php\/kategoria-c\/\" class=\"wpr-mobile-sub-menu-item\">Kategoria C<\/a><\/li>\n\t<li class=\"menu-item menu-item-type-post_type menu-item-object-page menu-item-373\"><a href=\"https:\/\/oskfenix.com.pl\/index.php\/kategoria-ce\/\" class=\"wpr-mobile-sub-menu-item\">Kategoria C+E<\/a><\/li>\n\t<li class=\"menu-item menu-item-type-post_type menu-item-object-page menu-item-372\"><a href=\"https:\/\/oskfenix.com.pl\/index.php\/szkolenie-okresowe\/\" class=\"wpr-mobile-sub-menu-item\">Szkolenie okresowe<\/a><\/li>\n\t<li class=\"menu-item menu-item-type-post_type menu-item-object-page menu-item-371\"><a href=\"https:\/\/oskfenix.com.pl\/index.php\/kwalifikacja-wstepna\/\" class=\"wpr-mobile-sub-menu-item\">Kwalifikacja wst\u0119pna<\/a><\/li>\n\t<li class=\"menu-item menu-item-type-post_type menu-item-object-page menu-item-370\"><a href=\"https:\/\/oskfenix.com.pl\/index.php\/szkolenie-okresowe-copy-copy\/\" class=\"wpr-mobile-sub-menu-item\">Kwalifikacja wst\u0119pna przyspieszona\u200b<\/a><\/li>\n\t<li class=\"menu-item menu-item-type-post_type menu-item-object-page menu-item-368\"><a href=\"https:\/\/oskfenix.com.pl\/index.php\/kwalifikacja-wstepna-uzupelniajaca\/\" class=\"wpr-mobile-sub-menu-item\">Kwalifikacja wst\u0119pna uzupe\u0142niaj\u0105ca<\/a><\/li>\n\t<li class=\"menu-item menu-item-type-post_type menu-item-object-page menu-item-369\"><a href=\"https:\/\/oskfenix.com.pl\/index.php\/szkolenie-okresowe-copy-copy-copy\/\" class=\"wpr-mobile-sub-menu-item\">Kwalifikacja wst\u0119pna uzupe\u0142niaj\u0105ca przyspieszona<\/a><\/li>\n<\/ul>\n<\/li>\n<li class=\"menu-item menu-item-type-post_type menu-item-object-page menu-item-383\"><a href=\"https:\/\/oskfenix.com.pl\/index.php\/dla-kursanta\/\" class=\"wpr-mobile-menu-item\">Dla Kursanta<\/a><\/li>\n<li class=\"menu-item menu-item-type-post_type menu-item-object-page menu-item-393\"><a href=\"https:\/\/oskfenix.com.pl\/index.php\/cennik\/\" class=\"wpr-mobile-menu-item\">Cennik<\/a><\/li>\n<li class=\"menu-item menu-item-type-post_type menu-item-object-page menu-item-430\"><a href=\"https:\/\/oskfenix.com.pl\/index.php\/instruktorzy\/\" class=\"wpr-mobile-menu-item\">Instruktorzy<\/a><\/li>\n<li class=\"menu-item menu-item-type-post_type menu-item-object-page menu-item-429\"><a href=\"https:\/\/oskfenix.com.pl\/index.php\/kontakt\/\" class=\"wpr-mobile-menu-item\">Kontakt<\/a><\/li>\n<li class=\"menu-item menu-item-type-custom menu-item-object-custom menu-item-157\"><a href=\"https:\/\/www.facebook.com\/oskfenix\" class=\"wpr-mobile-menu-item\">Facebook<\/a><\/li>\n<\/ul><\/nav>\t\t\t\t<\/div>\n\t\t\t\t\t<\/div>\n\t\t\t\t<\/div>\n\t\t<div class=\"elementor-element elementor-element-6d3b9ab e-flex e-con-boxed wpr-particle-no wpr-jarallax-no wpr-parallax-no wpr-sticky-section-no e-con e-parent\" data-id=\"6d3b9ab\" data-element_type=\"container\">\n\t\t\t\t\t<div class=\"e-con-inner\">\n\t\t<div class=\"elementor-element elementor-element-cd3d81b e-con-full e-flex wpr-particle-no wpr-jarallax-no wpr-parallax-no wpr-sticky-section-no e-con e-child\" data-id=\"cd3d81b\" data-element_type=\"container\">\n\t\t\t\t<div class=\"elementor-element elementor-element-d3d5433 elementor-view-default elementor-widget elementor-widget-icon\" data-id=\"d3d5433\" data-element_type=\"widget\" data-widget_type=\"icon.default\">\n\t\t\t\t\t\t\t<div class=\"elementor-icon-wrapper\">\n\t\t\t<div class=\"elementor-icon\">\n\t\t\t<i aria-hidden=\"true\" class=\"la la-drivers-license\"><\/i>\t\t\t<\/div>\n\t\t<\/div>\n\t\t\t\t\t\t<\/div>\n\t\t\t\t<\/div>\n\t\t<div class=\"elementor-element elementor-element-d9cb34b e-con-full e-flex wpr-particle-no wpr-jarallax-no wpr-parallax-no wpr-sticky-section-no e-con e-child\" data-id=\"d9cb34b\" data-element_type=\"container\">\n\t\t\t\t<div class=\"elementor-element elementor-element-f05f256 elementor-widget elementor-widget-heading\" data-id=\"f05f256\" data-element_type=\"widget\" data-widget_type=\"heading.default\">\n\t\t\t\t\t<h1 class=\"elementor-heading-title elementor-size-default\"><span style=\"font-size: 28.8px;letter-spacing: normal;text-align: center;text-transform: uppercase\">Kwalifikacja wst\u0119pna uzupe\u0142niaj\u0105ca<\/span><\/h1>\t\t\t\t<\/div>\n\t\t\t\t<div class=\"elementor-element elementor-element-3efd0cc elementor-widget elementor-widget-text-editor\" data-id=\"3efd0cc\" data-element_type=\"widget\" data-widget_type=\"text-editor.default\">\n\t\t\t\t\t\t\t\t\t<p><b>Dotyczy Os\u00f3b kt\u00f3re uzyska\u0142y uprawnienia po 10.09.2008 roku w przypadku kategorii D<br \/><br \/>Dotyczy Os\u00f3b kt\u00f3re uzyska\u0142y uprawnienia po 10.09.2009 roku w przypadku kategorii C<\/b><\/p>\t\t\t\t\t\t\t\t<\/div>\n\t\t\t\t<\/div>\n\t\t\t\t\t<\/div>\n\t\t\t\t<\/div>\n\t\t<div class=\"elementor-element elementor-element-3839c6c e-flex e-con-boxed wpr-particle-no wpr-jarallax-no wpr-parallax-no wpr-sticky-section-no e-con e-parent\" data-id=\"3839c6c\" data-element_type=\"container\">\n\t\t\t\t\t<div class=\"e-con-inner\">\n\t\t\t\t<div class=\"elementor-element elementor-element-28cf6f3 elementor-widget elementor-widget-text-editor\" data-id=\"28cf6f3\" data-element_type=\"widget\" data-widget_type=\"text-editor.default\">\n\t\t\t\t\t\t\t\t\t<p>Zgodnie z obowi\u0105zuj\u0105cymi przepisami do kursu mog\u0105 przyst\u0105pi\u0107 kandydaci, kt\u00f3rzy posiadaj\u0105\u00a0<b>profil kierowcy zawodowego<\/b>\u00a0wydany na podstawie orzeczenia lekarskiego i psychologicznego o braku przeciwwskaza\u0144 do pracy na stanowisku kierowcy zgodnie z art. 39j i 39k Ustawy o transporcie drogowym. Profil kierowcy zawodowego pobra\u0107 mo\u017cna w Wydziale Komunikacji w\u0142a\u015bciwym dla miejsca zamieszkania kandydata na kierowc\u0119 zawodowego.<\/p>\t\t\t\t\t\t\t\t<\/div>\n\t\t\t\t\t<\/div>\n\t\t\t\t<\/div>\n\t\t<div class=\"elementor-element elementor-element-5f62d019 e-flex e-con-boxed wpr-particle-no wpr-jarallax-no wpr-parallax-no wpr-sticky-section-no e-con e-parent\" data-id=\"5f62d019\" data-element_type=\"container\" data-settings=\"{&quot;background_background&quot;:&quot;classic&quot;}\">\n\t\t\t\t\t<div class=\"e-con-inner\">\n\t\t\t\t<div class=\"elementor-element elementor-element-7894e813 elementor-widget elementor-widget-text-editor\" data-id=\"7894e813\" data-element_type=\"widget\" data-widget_type=\"text-editor.default\">\n\t\t\t\t\t\t\t\t\t<p>\u00a9 2026 <a href=\"http:\/\/techlab24.pl\/\">Techlab24<\/a>\u00a0dla OSK Fenix<\/p>\t\t\t\t\t\t\t\t<\/div>\n\t\t\t\t\t<\/div>\n\t\t\t\t<\/div>\n\t\t\t\t<\/div>\n\t\t","protected":false},"excerpt":{"rendered":"<p>Najbli\u017cszy kurs kat. B 19.01.2026 godz. 17:00 Tylko 3400z\u0142!!! GRATIS!!! Godzina sz instruktorem wpisanym do ewidencji egzaminator\u00f3w Kurs kat. C, C+E Nab\u00f3r ci\u0105g\u0142y Podstawiamy samoch\u00f3d na egzamin w ramach kursu. Pierwsze podstawienie GRATIS!!! Kurs kat. AM, A1, A2, A Nab\u00f3r ci\u0105g\u0142y Kurs kat. B+E Nab\u00f3r ci\u0105g\u0142y Kwalifikacja wst\u0119pna i szkolenia okresowe Nab\u00f3r ci\u0105g\u0142y Strona G\u0142owna Oferta Kategoria AM Kategoria A1, A2, A Kategoria B Facebook Strona G\u0142owna Oferta Kategoria AM Kategoria A1, A2, A Kategoria B Facebook Kwalifikacja wst\u0119pna uzupe\u0142niaj\u0105ca Dotyczy Os\u00f3b kt\u00f3re uzyska\u0142y uprawnienia po 10.09.2008 roku w przypadku kategorii D Dotyczy Os\u00f3b kt\u00f3re uzyska\u0142y uprawnienia po 10.09.2009 roku w przypadku kategorii C Zgodnie z obowi\u0105zuj\u0105cymi przepisami do kursu mog\u0105 przyst\u0105pi\u0107 kandydaci, kt\u00f3rzy posiadaj\u0105\u00a0profil kierowcy zawodowego\u00a0wydany na podstawie orzeczenia lekarskiego i psychologicznego o braku przeciwwskaza\u0144 do pracy na stanowisku kierowcy zgodnie z art. 39j i 39k Ustawy o transporcie drogowym. Profil kierowcy zawodowego pobra\u0107 mo\u017cna w Wydziale Komunikacji w\u0142a\u015bciwym dla miejsca zamieszkania kandydata na kierowc\u0119 zawodowego. \u00a9 2026 Techlab24\u00a0dla OSK Fenix<\/p>\n","protected":false},"author":1,"featured_media":0,"parent":0,"menu_order":0,"comment_status":"closed","ping_status":"closed","template":"","meta":{"footnotes":""},"class_list":["post-349","page","type-page","status-publish","hentry"],"_links":{"self":[{"href":"https:\/\/oskfenix.com.pl\/index.php\/wp-json\/wp\/v2\/pages\/349","targetHints":{"allow":["GET"]}}],"collection":[{"href":"https:\/\/oskfenix.com.pl\/index.php\/wp-json\/wp\/v2\/pages"}],"about":[{"href":"https:\/\/oskfenix.com.pl\/index.php\/wp-json\/wp\/v2\/types\/page"}],"author":[{"embeddable":true,"href":"https:\/\/oskfenix.com.pl\/index.php\/wp-json\/wp\/v2\/users\/1"}],"replies":[{"embeddable":true,"href":"https:\/\/oskfenix.com.pl\/index.php\/wp-json\/wp\/v2\/comments?post=349"}],"version-history":[{"count":3,"href":"https:\/\/oskfenix.com.pl\/index.php\/wp-json\/wp\/v2\/pages\/349\/revisions"}],"predecessor-version":[{"id":367,"href":"https:\/\/oskfenix.com.pl\/index.php\/wp-json\/wp\/v2\/pages\/349\/revisions\/367"}],"wp:attachment":[{"href":"https:\/\/oskfenix.com.pl\/index.php\/wp-json\/wp\/v2\/media?parent=349"}],"curies":[{"name":"wp","href":"https:\/\/api.w.org\/{rel}","templated":true}]}}